{"id":4926,"date":"2021-08-30T23:35:50","date_gmt":"2021-08-30T23:35:50","guid":{"rendered":"https:\/\/biblesociety.ca\/psaume-91-affiche-et-economiseur-decran\/"},"modified":"2024-07-16T13:21:42","modified_gmt":"2024-07-16T17:21:42","slug":"psaume-91-affiche-et-economiseur-decran","status":"publish","type":"page","link":"https:\/\/biblesociety.ca\/fr\/psaume-91-affiche-et-economiseur-decran\/","title":{"rendered":"Psaume 91: affiche et \u00e9conomiseur d&rsquo;\u00e9cran"},"content":{"rendered":"<p>[et_pb_section fb_built=\u00a0\u00bb1&Prime; _builder_version=\u00a0\u00bb4.16&Prime; _module_preset=\u00a0\u00bbdefault\u00a0\u00bb max_width=\u00a0\u00bb1450px\u00a0\u00bb module_alignment=\u00a0\u00bbcenter\u00a0\u00bb global_colors_info=\u00a0\u00bb{}\u00a0\u00bb][et_pb_row _builder_version=\u00a0\u00bb4.16&Prime; _module_preset=\u00a0\u00bbdefault\u00a0\u00bb max_width=\u00a0\u00bb1430px\u00a0\u00bb global_colors_info=\u00a0\u00bb{}\u00a0\u00bb][et_pb_column type=\u00a0\u00bb4_4&Prime; _builder_version=\u00a0\u00bb4.16&Prime; _module_preset=\u00a0\u00bbdefault\u00a0\u00bb global_colors_info=\u00a0\u00bb{}\u00a0\u00bb][dsm_breadcrumbs show_home_icon=\u00a0\u00bboff\u00a0\u00bb _builder_version=\u00a0\u00bb4.16&Prime; _module_preset=\u00a0\u00bbdefault\u00a0\u00bb items_text_color=\u00a0\u00bb#6e7f7f\u00a0\u00bb global_colors_info=\u00a0\u00bb{}\u00a0\u00bb][\/dsm_breadcrumbs][\/et_pb_column][\/et_pb_row][et_pb_row _builder_version=\u00a0\u00bb4.16&Prime; _module_preset=\u00a0\u00bbdefault\u00a0\u00bb max_width=\u00a0\u00bb1430px\u00a0\u00bb global_colors_info=\u00a0\u00bb{}\u00a0\u00bb][et_pb_column type=\u00a0\u00bb4_4&Prime; _builder_version=\u00a0\u00bb4.16&Prime; _module_preset=\u00a0\u00bbdefault\u00a0\u00bb global_colors_info=\u00a0\u00bb{}\u00a0\u00bb][et_pb_text disabled_on=\u00a0\u00bboff|off|off\u00a0\u00bb admin_label=\u00a0\u00bbText\u00a0\u00bb _builder_version=\u00a0\u00bb4.16&Prime; _module_preset=\u00a0\u00bbdefault\u00a0\u00bb global_colors_info=\u00a0\u00bb{}\u00a0\u00bb]<\/p>\n<h1 style=\"text-align: center;\">Psaume 91: affiche et \u00e9conomiseur d&rsquo;\u00e9cran<\/h1>\n<p>[\/et_pb_text][\/et_pb_column][\/et_pb_row][et_pb_row column_structure=\u00a0\u00bb1_2,1_2&Prime; _builder_version=\u00a0\u00bb4.16&Prime; _module_preset=\u00a0\u00bbdefault\u00a0\u00bb max_width=\u00a0\u00bb1430px\u00a0\u00bb global_colors_info=\u00a0\u00bb{}\u00a0\u00bb][et_pb_column type=\u00a0\u00bb1_2&Prime; _builder_version=\u00a0\u00bb4.16&Prime; _module_preset=\u00a0\u00bbdefault\u00a0\u00bb global_colors_info=\u00a0\u00bb{}\u00a0\u00bb][et_pb_text _builder_version=\u00a0\u00bb4.16&Prime; _module_preset=\u00a0\u00bbdefault\u00a0\u00bb global_colors_info=\u00a0\u00bb{}\u00a0\u00bb]<\/p>\n<p><strong>DIRECTIVES<\/strong> : Cliquez \u00e0 droite sur le titre et choisissez \u00abEnregistrer le lien sous\u00bb pour t\u00e9l\u00e9charger le fichier. Assurez-vous de d\u00e9sactiver votre bloqueur de fen\u00eatres contextuelles avant le t\u00e9l\u00e9chargement.<\/p>\n<p>[\/et_pb_text][et_pb_text disabled_on=\u00a0\u00bboff|off|off\u00a0\u00bb _builder_version=\u00a0\u00bb4.16&Prime; _module_preset=\u00a0\u00bbdefault\u00a0\u00bb global_colors_info=\u00a0\u00bb{}\u00a0\u00bb]<\/p>\n<h2>Affiche (PDF)<\/h2>\n<p>[\/et_pb_text][et_pb_text _builder_version=\u00a0\u00bb4.16&Prime; _module_preset=\u00a0\u00bbdefault\u00a0\u00bb global_colors_info=\u00a0\u00bb{}\u00a0\u00bb]<\/p>\n<ul>\n<li><a href=\"https:\/\/biblesociety.ca\/wp-content\/uploads\/2021\/08\/Psalm-91_FRN.pdf\">Psaume 91 (PDF)<\/a><\/li>\n<\/ul>\n<p>[\/et_pb_text][et_pb_text disabled_on=\u00a0\u00bboff|off|off\u00a0\u00bb _builder_version=\u00a0\u00bb4.16&Prime; _module_preset=\u00a0\u00bbdefault\u00a0\u00bb global_colors_info=\u00a0\u00bb{}\u00a0\u00bb]<\/p>\n<h2>\u00c9conomiseurs d\u2019\u00e9cran pour ordis de bureau et appareils mobiles<\/h2>\n<p>[\/et_pb_text][et_pb_text _builder_version=\u00a0\u00bb4.16&Prime; _module_preset=\u00a0\u00bbdefault\u00a0\u00bb global_colors_info=\u00a0\u00bb{}\u00a0\u00bb]<\/p>\n<ul>\n<li><a href=\"https:\/\/biblesociety.ca\/wp-content\/uploads\/2021\/08\/P91_MobileSaver_360x640_Frn.jpg\">\u00c9conomiseur d&rsquo;\u00e9cran pour appli mobile (360\u00d7640)<\/a><\/li>\n<li><a href=\"https:\/\/biblesociety.ca\/wp-content\/uploads\/2021\/08\/P91_MobileSaver_375x667_Frn.jpg\">\u00c9conomiseur d&rsquo;\u00e9cran pour appli mobile (375\u00d7667)<\/a><\/li>\n<li><a href=\"https:\/\/biblesociety.ca\/wp-content\/uploads\/2021\/08\/P91_MobileSaver_414x896_Frn.jpg\">\u00c9conomiseur d&rsquo;\u00e9cran pour appli mobile (414\u00d7896)<\/a><\/li>\n<li><a href=\"https:\/\/biblesociety.ca\/wp-content\/uploads\/2021\/08\/P91_ScreenSaver_1366-x-768_FRN-scaled.jpg\">\u00c9conomiseur d&rsquo;\u00e9cran pour ordi de bureau (1366\u00d7768)<\/a><\/li>\n<li><a href=\"https:\/\/biblesociety.ca\/wp-content\/uploads\/2021\/08\/P91_ScreenSaver_1536-x864_Frn-scaled.jpg\">\u00c9conomiseur d&rsquo;\u00e9cran pour ordi de bureau (1536\u00d7864)<\/a><\/li>\n<li><a href=\"https:\/\/biblesociety.ca\/wp-content\/uploads\/2021\/08\/P91_ScreenSaver_1920-x1080_Frn-scaled.jpg\">\u00c9conomiseur d&rsquo;\u00e9cran pour ordi de bureau (1920\u00d71080)<\/a><\/li>\n<\/ul>\n<p>[\/et_pb_text][\/et_pb_column][et_pb_column type=\u00a0\u00bb1_2&Prime; _builder_version=\u00a0\u00bb4.16&Prime; _module_preset=\u00a0\u00bbdefault\u00a0\u00bb global_colors_info=\u00a0\u00bb{}\u00a0\u00bb][et_pb_image src=\u00a0\u00bbhttps:\/\/biblesociety.ca\/wp-content\/uploads\/2021\/08\/Psalm-91_FR.jpg\u00a0\u00bb title_text=\u00a0\u00bbPsalm-91_FR\u00a0\u00bb _builder_version=\u00a0\u00bb4.25.1&Prime; _module_preset=\u00a0\u00bbdefault\u00a0\u00bb hover_enabled=\u00a0\u00bb0&Prime; global_colors_info=\u00a0\u00bb{}\u00a0\u00bb alt=\u00a0\u00bbPsaume 91&Prime; sticky_enabled=\u00a0\u00bb0&Prime;][\/et_pb_image][\/et_pb_column][\/et_pb_row][\/et_pb_section][et_pb_section fb_built=\u00a0\u00bb1&Prime; custom_padding_last_edited=\u00a0\u00bboff|desktop\u00a0\u00bb disabled_on=\u00a0\u00bbon|on|on\u00a0\u00bb _builder_version=\u00a0\u00bb4.16&Prime; _module_preset=\u00a0\u00bbdefault\u00a0\u00bb background_color=\u00a0\u00bb#f2f5f5&Prime; custom_padding=\u00a0\u00bb60px||10px||false|false\u00a0\u00bb custom_padding_tablet=\u00a0\u00bb0px||0px||true|false\u00a0\u00bb disabled=\u00a0\u00bbon\u00a0\u00bb global_colors_info=\u00a0\u00bb{}\u00a0\u00bb][et_pb_row custom_padding_last_edited=\u00a0\u00bboff|desktop\u00a0\u00bb _builder_version=\u00a0\u00bb4.16&Prime; _module_preset=\u00a0\u00bbdefault\u00a0\u00bb min_height=\u00a0\u00bb65px\u00a0\u00bb custom_padding=\u00a0\u00bb0px||10px||false|false\u00a0\u00bb custom_padding_phone=\u00a0\u00bb10px||||false|false\u00a0\u00bb locked=\u00a0\u00bboff\u00a0\u00bb global_colors_info=\u00a0\u00bb{}\u00a0\u00bb][et_pb_column type=\u00a0\u00bb4_4&Prime; _builder_version=\u00a0\u00bb4.16&Prime; _module_preset=\u00a0\u00bbdefault\u00a0\u00bb global_colors_info=\u00a0\u00bb{}\u00a0\u00bb][et_pb_text _builder_version=\u00a0\u00bb4.16&Prime; _module_preset=\u00a0\u00bbdefault\u00a0\u00bb header_2_font=\u00a0\u00bbGeorgia||||||||\u00a0\u00bb header_2_font_size=\u00a0\u00bb38px\u00a0\u00bb global_colors_info=\u00a0\u00bb{}\u00a0\u00bb]<\/p>\n<h2>Related Resources<\/h2>\n<p>[\/et_pb_text][\/et_pb_column][\/et_pb_row][et_pb_row use_custom_gutter=\u00a0\u00bbon\u00a0\u00bb gutter_width=\u00a0\u00bb2&Prime; custom_padding_last_edited=\u00a0\u00bboff|desktop\u00a0\u00bb _builder_version=\u00a0\u00bb4.16&Prime; _module_preset=\u00a0\u00bbdefault\u00a0\u00bb custom_margin=\u00a0\u00bb-3px|auto||auto|false|false\u00a0\u00bb custom_padding=\u00a0\u00bb0px||||false|false\u00a0\u00bb custom_padding_tablet=\u00a0\u00bb||0px||false|false\u00a0\u00bb global_colors_info=\u00a0\u00bb{}\u00a0\u00bb][et_pb_column type=\u00a0\u00bb4_4&Prime; _builder_version=\u00a0\u00bb4.16&Prime; _module_preset=\u00a0\u00bbdefault\u00a0\u00bb global_colors_info=\u00a0\u00bb{}\u00a0\u00bb][et_pb_blog fullwidth=\u00a0\u00bboff\u00a0\u00bb posts_number=\u00a0\u00bb3&Prime; include_categories=\u00a0\u00bb37&Prime; show_more=\u00a0\u00bbon\u00a0\u00bb show_author=\u00a0\u00bboff\u00a0\u00bb show_date=\u00a0\u00bboff\u00a0\u00bb show_categories=\u00a0\u00bboff\u00a0\u00bb show_pagination=\u00a0\u00bboff\u00a0\u00bb module_class=\u00a0\u00bbmargin-zero\u00a0\u00bb _builder_version=\u00a0\u00bb4.16&Prime; _module_preset=\u00a0\u00bbdefault\u00a0\u00bb header_font=\u00a0\u00bbAvenir Book||||||||\u00a0\u00bb header_font_size=\u00a0\u00bb24px\u00a0\u00bb body_font=\u00a0\u00bbAvenir Book||||||||\u00a0\u00bb body_font_size=\u00a0\u00bb18px\u00a0\u00bb body_line_height=\u00a0\u00bb23.3px\u00a0\u00bb read_more_font=\u00a0\u00bbAvenir Book|700||on|||||\u00a0\u00bb read_more_text_color=\u00a0\u00bb#1f8483&Prime; read_more_font_size=\u00a0\u00bb18px\u00a0\u00bb read_more_line_height=\u00a0\u00bb32px\u00a0\u00bb min_height=\u00a0\u00bb559px\u00a0\u00bb custom_padding=\u00a0\u00bb||||false|false\u00a0\u00bb animation_style=\u00a0\u00bbflip\u00a0\u00bb header_font_size_tablet=\u00a0\u00bb\u00a0\u00bb header_font_size_phone=\u00a0\u00bb26px\u00a0\u00bb header_font_size_last_edited=\u00a0\u00bbon|phone\u00a0\u00bb body_font_size_tablet=\u00a0\u00bb\u00a0\u00bb body_font_size_phone=\u00a0\u00bb18px\u00a0\u00bb body_font_size_last_edited=\u00a0\u00bbon|phone\u00a0\u00bb body_line_height_tablet=\u00a0\u00bb\u00a0\u00bb body_line_height_phone=\u00a0\u00bb33px\u00a0\u00bb body_line_height_last_edited=\u00a0\u00bbon|phone\u00a0\u00bb custom_css_main_element=\u00a0\u00bb\t\u00a0\u00bb border_width_all=\u00a0\u00bb0px\u00a0\u00bb global_colors_info=\u00a0\u00bb{}\u00a0\u00bb][\/et_pb_blog][\/et_pb_column][\/et_pb_row][\/et_pb_section][et_pb_section fb_built=\u00a0\u00bb1&Prime; disabled_on=\u00a0\u00bbon|on|on\u00a0\u00bb _builder_version=\u00a0\u00bb4.16&Prime; _module_preset=\u00a0\u00bbdefault\u00a0\u00bb background_color=\u00a0\u00bb#7CDFD4&Prime; background_image=\u00a0\u00bbhttps:\/\/biblesociety.ca\/wp-content\/uploads\/2021\/04\/Asian-Woman-Masked-e1619575641208.png\u00a0\u00bb background_size=\u00a0\u00bbinitial\u00a0\u00bb background_position=\u00a0\u00bbtop_left\u00a0\u00bb disabled=\u00a0\u00bbon\u00a0\u00bb global_colors_info=\u00a0\u00bb{}\u00a0\u00bb][et_pb_row column_structure=\u00a0\u00bb1_2,1_2&Prime; _builder_version=\u00a0\u00bb4.16&Prime; _module_preset=\u00a0\u00bbdefault\u00a0\u00bb background_color=\u00a0\u00bbRGBA(0,0,0,0)\u00a0\u00bb background_enable_image=\u00a0\u00bboff\u00a0\u00bb global_colors_info=\u00a0\u00bb{}\u00a0\u00bb][et_pb_column type=\u00a0\u00bb1_2&Prime; _builder_version=\u00a0\u00bb4.16&Prime; _module_preset=\u00a0\u00bbdefault\u00a0\u00bb global_colors_info=\u00a0\u00bb{}\u00a0\u00bb][et_pb_code _builder_version=\u00a0\u00bb4.16&Prime; _module_preset=\u00a0\u00bbdefault\u00a0\u00bb global_colors_info=\u00a0\u00bb{}\u00a0\u00bb][\/et_pb_code][\/et_pb_column][et_pb_column type=\u00a0\u00bb1_2&Prime; _builder_version=\u00a0\u00bb4.16&Prime; _module_preset=\u00a0\u00bbdefault\u00a0\u00bb global_colors_info=\u00a0\u00bb{}\u00a0\u00bb][et_pb_text _builder_version=\u00a0\u00bb4.16&Prime; _module_preset=\u00a0\u00bbdefault\u00a0\u00bb text_font=\u00a0\u00bbGeorgia||||||||\u00a0\u00bb global_colors_info=\u00a0\u00bb{}\u00a0\u00bb]<\/p>\n<h3 style=\"text-align: center;\">Join a community of monthly donors giving the gift of God\u2019s word in Canada and around the world.<\/h3>\n<p>[\/et_pb_text][et_pb_code _builder_version=\u00a0\u00bb4.16&Prime; _module_preset=\u00a0\u00bbdefault\u00a0\u00bb global_colors_info=\u00a0\u00bb{}\u00a0\u00bb]<center><iframe src=https:\/\/canadianbiblesociety.rallybound.org\/bible-a-month\/plugin?narrow=true&#038;donate=25,50,100,250,300&#038;recur=true height=\"415\" width=\"500\"><\/iframe>[\/et_pb_code][\/et_pb_column][\/et_pb_row][\/et_pb_section]<\/p>\n","protected":false},"excerpt":{"rendered":"<p><div class=\"et_pb_module dsm_breadcrumbs dsm_breadcrumbs_0\">\n\t\t\t\t\n\t\t\t\t\n\t\t\t\t\n\t\t\t\t\n\t\t\t\t\n\t\t\t\t\n\t\t\t\t<div class=\"et_pb_module_inner\">\n\t\t\t\t\t<nav class=\"dsm_breadcrumbs_wrap\" role=\"navigation\" itemscope=\"\" itemtype=\"http:\/\/schema.org\/SiteNavigationElement\">\n\t\t\t\t<ul class=\"dsm_breadcrumbs\">\n\t\t\t<li class='dsm_breadcrumbs_item dsm_home_item dsm_home_item_custom'>\n\t\t\t\t<a href=\"https:\/\/biblesociety.ca\/fr\/\" itemprop=\"url\">\n\t\t\t\t\t<span class='dsm_home_text_wrapper'>\n\t\t\t\t\t\t\t\t\t\t\t\t\t<span class=\"dsm_home_text\" itemprop=\"name\">\n\t\t\t\t\t\t\t\tHome\t\t\t\t\t\t\t<\/span>\n\t\t\t\t\t<\/span>\n\t\t\t\t<\/a>\n\t\t\t<\/li>\n\n\t\t<li class=\"dsm_breadcrumbs_separator\"> <span class=\"et-pb-icon dsm_separator_icon\">5<\/span><\/li><\/ul>\n\t\t\t<\/nav>\n\t\t\t\t<\/div>\n\t\t\t<\/div>Psaume 91: affiche et \u00e9conomiseur d&rsquo;\u00e9cranDIRECTIVES : Cliquez \u00e0 droite sur le titre et choisissez \u00abEnregistrer le lien sous\u00bb pour t\u00e9l\u00e9charger le fichier. Assurez-vous de d\u00e9sactiver votre bloqueur de fen\u00eatres contextuelles avant le t\u00e9l\u00e9chargement.Affiche (PDF) Psaume 91 (PDF) \u00c9conomiseurs d\u2019\u00e9cran pour ordis de bureau et appareils mobiles \u00c9conomiseur d&rsquo;\u00e9cran pour [&hellip;]<\/p>\n","protected":false},"author":8,"featured_media":4973,"parent":0,"menu_order":0,"comment_status":"closed","ping_status":"closed","template":"","meta":{"_acf_changed":false,"_et_pb_use_builder":"on","_et_pb_old_content":"","_et_gb_content_width":"","om_disable_all_campaigns":false,"inline_featured_image":false,"footnotes":""},"class_list":["post-4926","page","type-page","status-publish","has-post-thumbnail","hentry"],"acf":[],"yoast_head":"<!-- This site is optimized with the Yoast SEO Premium plugin v27.1 (Yoast SEO v27.1.1) - https:\/\/yoast.com\/product\/yoast-seo-premium-wordpress\/ -->\n<title>Psaume 91: affiche et \u00e9conomiseur d&#039;\u00e9cran - Canadian Bible Society<\/title>\n<meta name=\"robots\" content=\"index, follow, max-snippet:-1, max-image-preview:large, max-video-preview:-1\" \/>\n<link rel=\"canonical\" href=\"https:\/\/biblesociety.ca\/fr\/psaume-91-affiche-et-economiseur-decran\/\" \/>\n<meta property=\"og:locale\" content=\"fr_FR\" \/>\n<meta property=\"og:type\" content=\"article\" \/>\n<meta property=\"og:title\" content=\"Psaume 91: affiche et \u00e9conomiseur d&#039;\u00e9cran\" \/>\n<meta property=\"og:description\" content=\"Psaume 91: affiche et \u00e9conomiseur d&#039;\u00e9cranDIRECTIVES : Cliquez \u00e0 droite sur le titre et choisissez \u00abEnregistrer le lien sous\u00bb pour t\u00e9l\u00e9charger le fichier. Assurez-vous de d\u00e9sactiver votre bloqueur de fen\u00eatres contextuelles avant le t\u00e9l\u00e9chargement.Affiche (PDF) Psaume 91 (PDF) \u00c9conomiseurs d\u2019\u00e9cran pour ordis de bureau et appareils mobiles \u00c9conomiseur d&#039;\u00e9cran pour [&hellip;]\" \/>\n<meta property=\"og:url\" content=\"https:\/\/biblesociety.ca\/fr\/psaume-91-affiche-et-economiseur-decran\/\" \/>\n<meta property=\"og:site_name\" content=\"Canadian Bible Society\" \/>\n<meta property=\"article:publisher\" content=\"https:\/\/www.facebook.com\/CanadianBibleSociety\" \/>\n<meta property=\"article:modified_time\" content=\"2024-07-16T17:21:42+00:00\" \/>\n<meta property=\"og:image\" content=\"https:\/\/biblesociety.ca\/wp-content\/uploads\/2021\/08\/Psalm-91_FR.jpg\" \/>\n\t<meta property=\"og:image:width\" content=\"400\" \/>\n\t<meta property=\"og:image:height\" content=\"250\" \/>\n\t<meta property=\"og:image:type\" content=\"image\/jpeg\" \/>\n<meta name=\"twitter:card\" content=\"summary_large_image\" \/>\n<meta name=\"twitter:site\" content=\"@CanadianBible\" \/>\n<meta name=\"twitter:label1\" content=\"Dur\u00e9e de lecture estim\u00e9e\" \/>\n\t<meta name=\"twitter:data1\" content=\"1 minute\" \/>\n<script type=\"application\/ld+json\" class=\"yoast-schema-graph\">{\"@context\":\"https:\/\/schema.org\",\"@graph\":[{\"@type\":\"WebPage\",\"@id\":\"https:\/\/biblesociety.ca\/fr\/psaume-91-affiche-et-economiseur-decran\/\",\"url\":\"https:\/\/biblesociety.ca\/fr\/psaume-91-affiche-et-economiseur-decran\/\",\"name\":\"Psaume 91: affiche et \u00e9conomiseur d'\u00e9cran - Canadian Bible Society\",\"isPartOf\":{\"@id\":\"https:\/\/biblesociety.ca\/#website\"},\"primaryImageOfPage\":{\"@id\":\"https:\/\/biblesociety.ca\/fr\/psaume-91-affiche-et-economiseur-decran\/#primaryimage\"},\"image\":{\"@id\":\"https:\/\/biblesociety.ca\/fr\/psaume-91-affiche-et-economiseur-decran\/#primaryimage\"},\"thumbnailUrl\":\"https:\/\/biblesociety.ca\/wp-content\/uploads\/2021\/08\/Psalm-91_FR.jpg\",\"datePublished\":\"2021-08-30T23:35:50+00:00\",\"dateModified\":\"2024-07-16T17:21:42+00:00\",\"breadcrumb\":{\"@id\":\"https:\/\/biblesociety.ca\/fr\/psaume-91-affiche-et-economiseur-decran\/#breadcrumb\"},\"inLanguage\":\"fr-FR\",\"potentialAction\":[{\"@type\":\"ReadAction\",\"target\":[\"https:\/\/biblesociety.ca\/fr\/psaume-91-affiche-et-economiseur-decran\/\"]}]},{\"@type\":\"ImageObject\",\"inLanguage\":\"fr-FR\",\"@id\":\"https:\/\/biblesociety.ca\/fr\/psaume-91-affiche-et-economiseur-decran\/#primaryimage\",\"url\":\"https:\/\/biblesociety.ca\/wp-content\/uploads\/2021\/08\/Psalm-91_FR.jpg\",\"contentUrl\":\"https:\/\/biblesociety.ca\/wp-content\/uploads\/2021\/08\/Psalm-91_FR.jpg\",\"width\":400,\"height\":250,\"caption\":\"Psaume 91\"},{\"@type\":\"BreadcrumbList\",\"@id\":\"https:\/\/biblesociety.ca\/fr\/psaume-91-affiche-et-economiseur-decran\/#breadcrumb\",\"itemListElement\":[{\"@type\":\"ListItem\",\"position\":1,\"name\":\"Home\",\"item\":\"https:\/\/biblesociety.ca\/fr\/\"},{\"@type\":\"ListItem\",\"position\":2,\"name\":\"Psaume 91: affiche et \u00e9conomiseur d&#8217;\u00e9cran\"}]},{\"@type\":\"WebSite\",\"@id\":\"https:\/\/biblesociety.ca\/#website\",\"url\":\"https:\/\/biblesociety.ca\/\",\"name\":\"Canadian Bible Society\",\"description\":\"Helping People Hear God&#039;s Voice\",\"publisher\":{\"@id\":\"https:\/\/biblesociety.ca\/#organization\"},\"potentialAction\":[{\"@type\":\"SearchAction\",\"target\":{\"@type\":\"EntryPoint\",\"urlTemplate\":\"https:\/\/biblesociety.ca\/?s={search_term_string}\"},\"query-input\":{\"@type\":\"PropertyValueSpecification\",\"valueRequired\":true,\"valueName\":\"search_term_string\"}}],\"inLanguage\":\"fr-FR\"},{\"@type\":\"Organization\",\"@id\":\"https:\/\/biblesociety.ca\/#organization\",\"name\":\"Canadian Bible Society\",\"url\":\"https:\/\/biblesociety.ca\/\",\"logo\":{\"@type\":\"ImageObject\",\"inLanguage\":\"fr-FR\",\"@id\":\"https:\/\/biblesociety.ca\/#\/schema\/logo\/image\/\",\"url\":\"https:\/\/biblesociety.ca\/wp-content\/uploads\/2021\/04\/cbs-logo-full-color-rgb-1000px@300ppi.png\",\"contentUrl\":\"https:\/\/biblesociety.ca\/wp-content\/uploads\/2021\/04\/cbs-logo-full-color-rgb-1000px@300ppi.png\",\"width\":1000,\"height\":397,\"caption\":\"Canadian Bible Society\"},\"image\":{\"@id\":\"https:\/\/biblesociety.ca\/#\/schema\/logo\/image\/\"},\"sameAs\":[\"https:\/\/www.facebook.com\/CanadianBibleSociety\",\"https:\/\/x.com\/CanadianBible\",\"https:\/\/www.instagram.com\/canadianbiblesociety\/\",\"https:\/\/www.linkedin.com\/company\/canadian-bible-society\",\"https:\/\/www.youtube.com\/channel\/UCk9dtVNXJsg5_c1H5LwiIiw\"]}]}<\/script>\n<!-- \/ Yoast SEO Premium plugin. -->","yoast_head_json":{"title":"Psaume 91: affiche et \u00e9conomiseur d'\u00e9cran - Canadian Bible Society","robots":{"index":"index","follow":"follow","max-snippet":"max-snippet:-1","max-image-preview":"max-image-preview:large","max-video-preview":"max-video-preview:-1"},"canonical":"https:\/\/biblesociety.ca\/fr\/psaume-91-affiche-et-economiseur-decran\/","og_locale":"fr_FR","og_type":"article","og_title":"Psaume 91: affiche et \u00e9conomiseur d'\u00e9cran","og_description":"Psaume 91: affiche et \u00e9conomiseur d'\u00e9cranDIRECTIVES : Cliquez \u00e0 droite sur le titre et choisissez \u00abEnregistrer le lien sous\u00bb pour t\u00e9l\u00e9charger le fichier. Assurez-vous de d\u00e9sactiver votre bloqueur de fen\u00eatres contextuelles avant le t\u00e9l\u00e9chargement.Affiche (PDF) Psaume 91 (PDF) \u00c9conomiseurs d\u2019\u00e9cran pour ordis de bureau et appareils mobiles \u00c9conomiseur d'\u00e9cran pour [&hellip;]","og_url":"https:\/\/biblesociety.ca\/fr\/psaume-91-affiche-et-economiseur-decran\/","og_site_name":"Canadian Bible Society","article_publisher":"https:\/\/www.facebook.com\/CanadianBibleSociety","article_modified_time":"2024-07-16T17:21:42+00:00","og_image":[{"width":400,"height":250,"url":"https:\/\/biblesociety.ca\/wp-content\/uploads\/2021\/08\/Psalm-91_FR.jpg","type":"image\/jpeg"}],"twitter_card":"summary_large_image","twitter_site":"@CanadianBible","twitter_misc":{"Dur\u00e9e de lecture estim\u00e9e":"1 minute"},"schema":{"@context":"https:\/\/schema.org","@graph":[{"@type":"WebPage","@id":"https:\/\/biblesociety.ca\/fr\/psaume-91-affiche-et-economiseur-decran\/","url":"https:\/\/biblesociety.ca\/fr\/psaume-91-affiche-et-economiseur-decran\/","name":"Psaume 91: affiche et \u00e9conomiseur d'\u00e9cran - Canadian Bible Society","isPartOf":{"@id":"https:\/\/biblesociety.ca\/#website"},"primaryImageOfPage":{"@id":"https:\/\/biblesociety.ca\/fr\/psaume-91-affiche-et-economiseur-decran\/#primaryimage"},"image":{"@id":"https:\/\/biblesociety.ca\/fr\/psaume-91-affiche-et-economiseur-decran\/#primaryimage"},"thumbnailUrl":"https:\/\/biblesociety.ca\/wp-content\/uploads\/2021\/08\/Psalm-91_FR.jpg","datePublished":"2021-08-30T23:35:50+00:00","dateModified":"2024-07-16T17:21:42+00:00","breadcrumb":{"@id":"https:\/\/biblesociety.ca\/fr\/psaume-91-affiche-et-economiseur-decran\/#breadcrumb"},"inLanguage":"fr-FR","potentialAction":[{"@type":"ReadAction","target":["https:\/\/biblesociety.ca\/fr\/psaume-91-affiche-et-economiseur-decran\/"]}]},{"@type":"ImageObject","inLanguage":"fr-FR","@id":"https:\/\/biblesociety.ca\/fr\/psaume-91-affiche-et-economiseur-decran\/#primaryimage","url":"https:\/\/biblesociety.ca\/wp-content\/uploads\/2021\/08\/Psalm-91_FR.jpg","contentUrl":"https:\/\/biblesociety.ca\/wp-content\/uploads\/2021\/08\/Psalm-91_FR.jpg","width":400,"height":250,"caption":"Psaume 91"},{"@type":"BreadcrumbList","@id":"https:\/\/biblesociety.ca\/fr\/psaume-91-affiche-et-economiseur-decran\/#breadcrumb","itemListElement":[{"@type":"ListItem","position":1,"name":"Home","item":"https:\/\/biblesociety.ca\/fr\/"},{"@type":"ListItem","position":2,"name":"Psaume 91: affiche et \u00e9conomiseur d&#8217;\u00e9cran"}]},{"@type":"WebSite","@id":"https:\/\/biblesociety.ca\/#website","url":"https:\/\/biblesociety.ca\/","name":"Canadian Bible Society","description":"Helping People Hear God&#039;s Voice","publisher":{"@id":"https:\/\/biblesociety.ca\/#organization"},"potentialAction":[{"@type":"SearchAction","target":{"@type":"EntryPoint","urlTemplate":"https:\/\/biblesociety.ca\/?s={search_term_string}"},"query-input":{"@type":"PropertyValueSpecification","valueRequired":true,"valueName":"search_term_string"}}],"inLanguage":"fr-FR"},{"@type":"Organization","@id":"https:\/\/biblesociety.ca\/#organization","name":"Canadian Bible Society","url":"https:\/\/biblesociety.ca\/","logo":{"@type":"ImageObject","inLanguage":"fr-FR","@id":"https:\/\/biblesociety.ca\/#\/schema\/logo\/image\/","url":"https:\/\/biblesociety.ca\/wp-content\/uploads\/2021\/04\/cbs-logo-full-color-rgb-1000px@300ppi.png","contentUrl":"https:\/\/biblesociety.ca\/wp-content\/uploads\/2021\/04\/cbs-logo-full-color-rgb-1000px@300ppi.png","width":1000,"height":397,"caption":"Canadian Bible Society"},"image":{"@id":"https:\/\/biblesociety.ca\/#\/schema\/logo\/image\/"},"sameAs":["https:\/\/www.facebook.com\/CanadianBibleSociety","https:\/\/x.com\/CanadianBible","https:\/\/www.instagram.com\/canadianbiblesociety\/","https:\/\/www.linkedin.com\/company\/canadian-bible-society","https:\/\/www.youtube.com\/channel\/UCk9dtVNXJsg5_c1H5LwiIiw"]}]}},"_links":{"self":[{"href":"https:\/\/biblesociety.ca\/fr\/wp-json\/wp\/v2\/pages\/4926","targetHints":{"allow":["GET"]}}],"collection":[{"href":"https:\/\/biblesociety.ca\/fr\/wp-json\/wp\/v2\/pages"}],"about":[{"href":"https:\/\/biblesociety.ca\/fr\/wp-json\/wp\/v2\/types\/page"}],"author":[{"embeddable":true,"href":"https:\/\/biblesociety.ca\/fr\/wp-json\/wp\/v2\/users\/8"}],"replies":[{"embeddable":true,"href":"https:\/\/biblesociety.ca\/fr\/wp-json\/wp\/v2\/comments?post=4926"}],"version-history":[{"count":0,"href":"https:\/\/biblesociety.ca\/fr\/wp-json\/wp\/v2\/pages\/4926\/revisions"}],"wp:featuredmedia":[{"embeddable":true,"href":"https:\/\/biblesociety.ca\/fr\/wp-json\/wp\/v2\/media\/4973"}],"wp:attachment":[{"href":"https:\/\/biblesociety.ca\/fr\/wp-json\/wp\/v2\/media?parent=4926"}],"curies":[{"name":"wp","href":"https:\/\/api.w.org\/{rel}","templated":true}]}}